{"id":9234,"date":"2022-03-12T18:35:38","date_gmt":"2022-03-12T15:35:38","guid":{"rendered":"https:\/\/outletbeyazesya.com.tr\/?post_type=product&#038;p=9234"},"modified":"2024-02-05T17:02:54","modified_gmt":"2024-02-05T14:02:54","slug":"samsung-9-6-kurutmali-camasir-makinesi","status":"publish","type":"product","link":"https:\/\/outletbeyazesya.com.tr\/en\/product\/samsung-9-6-washer-dryer\/","title":{"rendered":"*SAMSUNG 9\/6 WASHING MACHINE WITH DRYER"},"content":{"rendered":"<p>OUTLET IS THE LEADING COMPANY WITH THE MOST AMBITIOUS AND REASONABLE PRICES IN THE WHITE GOODS AND TELEVISION INDUSTRY<\/p>\n<p>!!! CHEAPEST OUTLET TV WHITE GOODS!!!<\/p>\n<p>AVCILAR BRANCH<\/p>\n<p>KADIK\u00d6Y BRANCH<\/p>\n<p>MECID\u0130YEK\u00d6Y BRANCH<\/p>\n<p>PENDIK BRANCH<\/p>\n<p>OUR CONTACT NUMBER<\/p>\n<p>YOU CAN ASK FOR A LOCATION ON OUR LINE NUMBER 05418267616<\/p>\n<p>WE DO NOT SHIP OUTSIDE ISTANBUL<\/p>\n<p>DEFECTIVE PRODUCTS AND OUTLET PRODUCTS ARE PURCHASED FROM CORPORATE COMPANIES THAT ARE EXPERT IN THE BUSINESS. WITH OVER 30 YEARS OF HISTORY, OUR COMPANY SERVES OUR VALUED CUSTOMERS BY PUTTING MUTUAL TRUST AT THE CENTER OF THE BUSINESS.<\/p>\n<p>ALL OUR PRODUCTS ARE NEW PRODUCTS WITH OFFICIAL GUARANTEE AND ARE CLASSIFIED AS WITH OR WITHOUT DEFECTS AND ARE OFFERED FOR SALE BY DETERMINING THE BEST PRICES ACCORDING TO CURRENT MARKET PRICES.<\/p>\n<p>YOU CAN COME AND SEE OUR PRODUCTS IN OUR STORES AND DO YOUR SHOPPING SAFELY.<\/p>\n<p>OUR PRODUCTS ARE FREE INSTALLATION AND INSTALLATION BY THE SERVICE IN ISTANBUL.<\/p>\n<p>OUR COMPANY IS OPEN ON WEEKENDS AND PROVIDES SERVICE 7 DAYS A WEEK BETWEEN 10.00 IN THE MORNING AND 20.00 IN THE EVENING.<\/p>\n<p>ALL CREDIT CARDS ARE VALID IN OUR COMPANY AND INSTALLMENT IS NOT AVAILABLE.<\/p>\n<p>OUR PRODUCT STOCKS CHANGE HOURLY AND WE RECOMMEND YOU ASK FOR STOCK INFORMATION.<br \/>\nDEFECTIVE PRODUCTS MAY VARY IN PRICE DEPENDING ON THE DEFECTIVE CONDITION.<\/p>\n<p>YOU CAN ASK FOR A LOCATION ON OUR LINE NUMBER 05418267616<\/p>\n<p>YOU CAN ASK FOR A LOCATION ON OUR LINE NUMBER 05418267616<\/p>","protected":false},"excerpt":{"rendered":"<p>OUTLET BEYAZ E\u015eYA VE TELEV\u0130ZYON SEKT\u00d6R\u00dcNDE EN \u0130DD\u0130ALI EN UYGUN F\u0130YATLARLA L\u0130DER F\u0130RMA !!! EN UCUZ OUTLET TV BEYAZ E\u015eYA !!! AVCILAR \u015eUBE KADIK\u00d6Y \u015eUBE MEC\u0130D\u0130YEK\u00d6Y \u015eUBE PEND\u0130K \u015eUBE \u0130RT\u0130BAT NUMARAMIZ 05418267616 NUMARALI HATTIMIZDAN KONUM \u0130STEYEB\u0130L\u0130RS\u0130N\u0130Z \u0130STANBUL DI\u015eINA G\u00d6NDER\u0130M\u0130M\u0130Z YOKTUR DEFOLU \u00dcR\u00dcN VE OUTLET \u00dcR\u00dcNLER \u0130\u015e\u0130N\u0130N UZMANI KURUMSAL F\u0130RMALARDAN ALINIR.F\u0130RMAMIZ 30 YILI A\u015eKIN GE\u00c7M\u0130\u015e\u0130 \u0130LE [&hellip;]<\/p>","protected":false},"featured_media":9268,"comment_status":"closed","ping_status":"closed","template":"","meta":[],"product_brand":[],"product_cat":[15,85],"product_tag":[],"class_list":{"0":"post-9234","1":"product","2":"type-product","3":"status-publish","4":"has-post-thumbnail","6":"product_cat-beyaz-esyalar","7":"product_cat-camasir-makinesi-modelleri","9":"first","10":"instock","11":"shipping-taxable","12":"purchasable","13":"product-type-simple"},"_links":{"self":[{"href":"https:\/\/outletbeyazesya.com.tr\/en\/wp-json\/wp\/v2\/product\/9234","targetHints":{"allow":["GET"]}}],"collection":[{"href":"https:\/\/outletbeyazesya.com.tr\/en\/wp-json\/wp\/v2\/product"}],"about":[{"href":"https:\/\/outletbeyazesya.com.tr\/en\/wp-json\/wp\/v2\/types\/product"}],"replies":[{"embeddable":true,"href":"https:\/\/outletbeyazesya.com.tr\/en\/wp-json\/wp\/v2\/comments?post=9234"}],"wp:featuredmedia":[{"embeddable":true,"href":"https:\/\/outletbeyazesya.com.tr\/en\/wp-json\/wp\/v2\/media\/9268"}],"wp:attachment":[{"href":"https:\/\/outletbeyazesya.com.tr\/en\/wp-json\/wp\/v2\/media?parent=9234"}],"wp:term":[{"taxonomy":"product_brand","embeddable":true,"href":"https:\/\/outletbeyazesya.com.tr\/en\/wp-json\/wp\/v2\/product_brand?post=9234"},{"taxonomy":"product_cat","embeddable":true,"href":"https:\/\/outletbeyazesya.com.tr\/en\/wp-json\/wp\/v2\/product_cat?post=9234"},{"taxonomy":"product_tag","embeddable":true,"href":"https:\/\/outletbeyazesya.com.tr\/en\/wp-json\/wp\/v2\/product_tag?post=9234"}],"curies":[{"name":"wp","href":"https:\/\/api.w.org\/{rel}","templated":true}]}}