{"id":9234,"date":"2022-03-12T18:35:38","date_gmt":"2022-03-12T15:35:38","guid":{"rendered":"https:\/\/outletbeyazesya.com.tr\/?post_type=product&#038;p=9234"},"modified":"2024-02-05T17:02:54","modified_gmt":"2024-02-05T14:02:54","slug":"samsung-9-6-kurutmali-camasir-makinesi","status":"publish","type":"product","link":"https:\/\/outletbeyazesya.com.tr\/ru\/%d0%bf%d1%80%d0%be%d0%b4%d1%83%d0%ba%d1%82\/%d1%81%d1%82%d0%b8%d1%80%d0%b0%d0%bb%d1%8c%d0%bd%d0%b0%d1%8f-%d0%bc%d0%b0%d1%88%d0%b8%d0%bd%d0%b0-%d1%81%d0%b0%d0%bc%d1%81%d1%83%d0%bd%d0%b3-9-6-%d1%81-%d1%81%d1%83%d1%88%d0%ba%d0%be%d0%b9\/","title":{"rendered":"*\u0421\u0422\u0418\u0420\u0410\u041b\u042c\u041d\u0410\u042f \u041c\u0410\u0428\u0418\u041d\u0410 SAMSUNG 9\/6 \u0421 \u0421\u0423\u0428\u0418\u041b\u042c\u041d\u041e\u0419 \u041c\u0410\u0428\u0418\u041d\u041e\u0419"},"content":{"rendered":"<p>OUTLET \u2014 \u0412\u0415\u0414\u0423\u0429\u0410\u042f \u041a\u041e\u041c\u041f\u0410\u041d\u0418\u042f \u0421 \u0421\u0410\u041c\u042b\u041c\u0418 \u0410\u041c\u0411\u0418\u0426\u0418\u041e\u041d\u041d\u042b\u041c\u0418 \u0418 \u0420\u0410\u0417\u0423\u041c\u041d\u042b\u041c\u0418 \u0426\u0415\u041d\u0410\u041c\u0418 \u0412 \u041e\u0422\u0420\u0410\u0421\u041b\u0418 \u0411\u0415\u041b\u042b\u0425 \u0422\u041e\u0412\u0410\u0420\u041e\u0412 \u0418 \u0422\u0415\u041b\u0415\u0412\u0418\u0414\u0415\u041d\u0418\u042f<\/p>\n<p>!!! \u0421\u0410\u041c\u0410\u042f \u0414\u0415\u0428\u0415\u0412\u0410\u042f \u0422\u0415\u041b\u0415\u0412\u0418\u0417\u041e\u0420\u041d\u0410\u042f \u0411\u0415\u041b\u0410\u042f \u0422\u041e\u0412\u0410\u0420!!!<\/p>\n<p>\u0410\u0412\u0426\u0418\u041b\u0410\u0420\u0421\u041a\u0418\u0419 \u0424\u0418\u041b\u0418\u0410\u041b<\/p>\n<p>\u041a\u0410\u0414\u0418\u041a\u041e\u0419 \u0424\u0418\u041b\u0418\u0410\u041b<\/p>\n<p>\u041c\u0415\u0414\u0418\u0414\u0418\u0415\u041a\u041e\u0419 \u0424\u0418\u041b\u0418\u0410\u041b<\/p>\n<p>\u041f\u0415\u041d\u0414\u0418\u041a\u0421\u041a\u0418\u0419 \u0424\u0418\u041b\u0418\u0410\u041b<\/p>\n<p>\u041d\u0410\u0428 \u041a\u041e\u041d\u0422\u0410\u041a\u0422\u041d\u042b\u0419 \u041d\u041e\u041c\u0415\u0420<\/p>\n<p>\u0412\u042b \u041c\u041e\u0416\u0415\u0422\u0415 \u0417\u0410\u041f\u0420\u041e\u0421\u0418\u0422\u042c \u041c\u0415\u0421\u0422\u041e \u041f\u041e \u041d\u0410\u0428\u0415\u041c\u0423 \u041d\u041e\u041c\u0415\u0420\u0423 05418267616.<\/p>\n<p>\u041c\u042b \u041d\u0415 \u041e\u0422\u041f\u0420\u0410\u0412\u041b\u042f\u0415\u041c \u0417\u0410 \u041f\u0420\u0415\u0414\u0415\u041b\u042b \u0421\u0422\u0410\u041c\u0411\u0423\u041b\u0410.<\/p>\n<p>\u0414\u0415\u0424\u0415\u041a\u0422\u041d\u042b\u0415 \u041f\u0420\u041e\u0414\u0423\u041a\u0422\u042b \u0418 \u0422\u041e\u0412\u0410\u0420\u042b \u041f\u041e\u041a\u0423\u041f\u0410\u042e\u0422\u0421\u042f \u0423 \u041a\u041e\u0420\u041f\u041e\u0420\u0410\u0422\u0418\u0412\u041d\u042b\u0425 \u041a\u041e\u041c\u041f\u0410\u041d\u0418\u0419, \u042f\u0412\u041b\u042f\u042e\u0429\u0418\u0425\u0421\u042f \u042d\u041a\u0421\u041f\u0415\u0420\u0422\u0410\u041c\u0418 \u0412 \u0411\u0418\u0417\u041d\u0415\u0421\u0415.\u041d\u0410\u0428\u0410 \u041a\u041e\u041c\u041f\u0410\u041d\u0418\u042f \u0421 \u0411\u041e\u041b\u0415\u0415 30-\u041b\u0415\u0422\u041d\u0415\u0419 \u0418\u0421\u0422\u041e\u0420\u0418\u0418 \u041e\u0411\u0421\u041b\u0423\u0416\u0418\u0412\u0410\u0415\u0422 \u041d\u0410\u0428\u0418\u0425 \u0426\u0415\u041d\u041d\u042b\u0425 \u041a\u041b\u0418\u0415\u041d\u0422\u041e\u0412, \u041f\u041e\u0421\u0422\u0410\u0412\u041b\u042f\u042f \u0412\u0417\u0410\u0418\u041c\u041d\u041e\u0415 \u0414\u041e\u0412\u0415\u0420\u0418\u0415 \u0412 \u0426\u0415\u041d\u0422\u0420 \u0411\u0418\u0417\u041d\u0415\u0421\u0410.<\/p>\n<p>\u0412\u0421\u0415 \u041d\u0410\u0428\u0418 \u041f\u0420\u041e\u0414\u0423\u041a\u0422\u042b \u042f\u0412\u041b\u042f\u042e\u0422\u0421\u042f \u041d\u041e\u0412\u042b\u041c\u0418 \u041f\u0420\u041e\u0414\u0423\u041a\u0426\u0418\u042f\u041c\u0418 \u0421 \u041e\u0424\u0418\u0426\u0418\u0410\u041b\u042c\u041d\u041e\u0419 \u0413\u0410\u0420\u0410\u041d\u0422\u0418\u0415\u0419, \u041a\u041b\u0410\u0421\u0421\u0418\u0424\u0418\u0426\u0418\u0420\u0423\u042e\u0422\u0421\u042f \u041a\u0410\u041a \u0421 \u0414\u0415\u0424\u0415\u041a\u0422\u0410\u041c\u0418 \u0418\u041b\u0418 \u0411\u0415\u0417 \u0414\u0415\u0424\u0415\u041a\u0422\u041e\u0412 \u0418 \u041f\u0420\u0415\u0414\u041b\u0410\u0413\u0410\u042e\u0422\u0421\u042f \u0414\u041b\u042f \u041f\u0420\u041e\u0414\u0410\u0416\u0418 \u041f\u0423\u0422\u0415\u041c \u041e\u041f\u0420\u0415\u0414\u0415\u041b\u0415\u041d\u0418\u042f \u041b\u0423\u0427\u0428\u0418\u0425 \u0426\u0415\u041d \u0412 \u0421\u041e\u041e\u0422\u0412\u0415\u0422\u0421\u0422\u0412\u0418\u0418 \u0421 \u0422\u0415\u041a\u0423\u0429\u0418\u041c\u0418 \u0420\u042b\u041d\u041e\u0427\u041d\u042b\u041c\u0418 \u0426\u0415\u041d\u0410\u041c\u0418.<\/p>\n<p>\u0412\u042b \u041c\u041e\u0416\u0415\u0422\u0415 \u041f\u0420\u0418\u0419\u0422\u0418 \u0418 \u041f\u041e\u0421\u041c\u041e\u0422\u0420\u0415\u0422\u042c \u041d\u0410\u0428\u0423 \u041f\u0420\u041e\u0414\u0423\u041a\u0426\u0418\u042e \u0412 \u041d\u0410\u0428\u0418\u0425 \u041c\u0410\u0413\u0410\u0417\u0418\u041d\u0410\u0425 \u0418 \u0411\u0415\u0417\u041e\u041f\u0410\u0421\u041d\u041e \u041f\u041e\u041a\u0423\u041f\u0410\u0422\u042c.<\/p>\n<p>\u041d\u0410\u0428\u0410 \u041f\u0420\u041e\u0414\u0423\u041a\u0426\u0418\u042f \u0411\u0415\u0421\u041f\u041b\u0410\u0422\u041d\u0410\u042f \u0423\u0421\u0422\u0410\u041d\u041e\u0412\u041a\u0410 \u0418 \u0423\u0421\u0422\u0410\u041d\u041e\u0412\u041a\u0410 \u0421\u0415\u0420\u0412\u0418\u0421\u041e\u041c \u0412 \u0421\u0422\u0410\u041c\u0411\u0423\u041b\u0415.<\/p>\n<p>\u041d\u0410\u0428\u0410 \u041a\u041e\u041c\u041f\u0410\u041d\u0418\u042f \u041e\u0422\u041a\u0420\u042b\u0422\u0410 \u041f\u041e \u0412\u042b\u0425\u041e\u0414\u041d\u042b\u041c \u0414\u041d\u042f\u041c \u0418 \u041f\u0420\u0415\u0414\u041e\u0421\u0422\u0410\u0412\u041b\u042f\u0415\u0422 \u0423\u0421\u041b\u0423\u0413\u0418 7 \u0414\u041d\u0415\u0419 \u0412 \u041d\u0415\u0414\u0415\u041b\u042e \u0421 10.00 \u0423\u0422\u0420\u041e \u0414\u041e 20.00 \u0412\u0415\u0427\u0415\u0420\u0410.<\/p>\n<p>\u0412 \u041d\u0410\u0428\u0415\u0419 \u041a\u041e\u041c\u041f\u0410\u041d\u0418\u0418 \u0414\u0415\u0419\u0421\u0422\u0412\u0418\u0422\u0415\u041b\u042c\u041d\u042b \u0412\u0421\u0415 \u041a\u0420\u0415\u0414\u0418\u0422\u041d\u042b\u0415 \u041a\u0410\u0420\u0422\u042b \u0418 \u0420\u0410\u0421\u0421\u0420\u041e\u0427\u041a\u0410 \u041d\u0415 \u0414\u041e\u0421\u0422\u0423\u041f\u041d\u0410.<\/p>\n<p>\u0417\u0410\u041f\u0410\u0421\u042b \u041d\u0410\u0428\u0418\u0425 \u041f\u0420\u041e\u0414\u0423\u041a\u0422\u041e\u0412 \u041c\u0415\u041d\u042f\u042e\u0422\u0421\u042f \u0415\u0416\u0415\u041c\u0415\u0421\u042f\u0427\u041d\u041e, \u0418 \u041c\u042b \u0420\u0415\u041a\u041e\u041c\u0415\u041d\u0414\u0423\u0415\u041c \u0412\u0410\u041c \u0417\u0410\u041f\u0420\u041e\u0421\u0418\u0422\u042c \u0418\u041d\u0424\u041e\u0420\u041c\u0410\u0426\u0418\u042e \u041e \u041d\u0410\u041b\u0418\u0427\u0418\u0418.<br \/>\n\u0426\u0415\u041d\u0410 \u0414\u0415\u0424\u0415\u041a\u0422\u041d\u042b\u0425 \u041f\u0420\u041e\u0414\u0423\u041a\u0422\u041e\u0412 \u041c\u041e\u0416\u0415\u0422 \u0420\u0410\u0417\u041b\u0418\u0427\u0410\u0422\u042c\u0421\u042f \u0412 \u0417\u0410\u0412\u0418\u0421\u0418\u041c\u041e\u0421\u0422\u0418 \u041e\u0422 \u0414\u0415\u0424\u0415\u041a\u0422\u041d\u041e\u0413\u041e \u0421\u041e\u0421\u0422\u041e\u042f\u041d\u0418\u042f.<\/p>\n<p>\u0412\u042b \u041c\u041e\u0416\u0415\u0422\u0415 \u0417\u0410\u041f\u0420\u041e\u0421\u0418\u0422\u042c \u041c\u0415\u0421\u0422\u041e \u041f\u041e \u041d\u0410\u0428\u0415\u041c\u0423 \u041d\u041e\u041c\u0415\u0420\u0423 05418267616.<\/p>\n<p>\u0412\u042b \u041c\u041e\u0416\u0415\u0422\u0415 \u0417\u0410\u041f\u0420\u041e\u0421\u0418\u0422\u042c \u041c\u0415\u0421\u0422\u041e \u041f\u041e \u041d\u0410\u0428\u0415\u041c\u0423 \u041d\u041e\u041c\u0415\u0420\u0423 05418267616.<\/p>","protected":false},"excerpt":{"rendered":"<p>OUTLET BEYAZ E\u015eYA VE TELEV\u0130ZYON SEKT\u00d6R\u00dcNDE EN \u0130DD\u0130ALI EN UYGUN F\u0130YATLARLA L\u0130DER F\u0130RMA !!! EN UCUZ OUTLET TV BEYAZ E\u015eYA !!! AVCILAR \u015eUBE KADIK\u00d6Y \u015eUBE MEC\u0130D\u0130YEK\u00d6Y \u015eUBE PEND\u0130K \u015eUBE \u0130RT\u0130BAT NUMARAMIZ 05418267616 NUMARALI HATTIMIZDAN KONUM \u0130STEYEB\u0130L\u0130RS\u0130N\u0130Z \u0130STANBUL DI\u015eINA G\u00d6NDER\u0130M\u0130M\u0130Z YOKTUR DEFOLU \u00dcR\u00dcN VE OUTLET \u00dcR\u00dcNLER \u0130\u015e\u0130N\u0130N UZMANI KURUMSAL F\u0130RMALARDAN ALINIR.F\u0130RMAMIZ 30 YILI A\u015eKIN GE\u00c7M\u0130\u015e\u0130 \u0130LE [&hellip;]<\/p>","protected":false},"featured_media":9268,"comment_status":"closed","ping_status":"closed","template":"","meta":[],"product_brand":[],"product_cat":[15,85],"product_tag":[],"class_list":{"0":"post-9234","1":"product","2":"type-product","3":"status-publish","4":"has-post-thumbnail","6":"product_cat-beyaz-esyalar","7":"product_cat-camasir-makinesi-modelleri","9":"first","10":"instock","11":"shipping-taxable","12":"purchasable","13":"product-type-simple"},"_links":{"self":[{"href":"https:\/\/outletbeyazesya.com.tr\/ru\/wp-json\/wp\/v2\/product\/9234","targetHints":{"allow":["GET"]}}],"collection":[{"href":"https:\/\/outletbeyazesya.com.tr\/ru\/wp-json\/wp\/v2\/product"}],"about":[{"href":"https:\/\/outletbeyazesya.com.tr\/ru\/wp-json\/wp\/v2\/types\/product"}],"replies":[{"embeddable":true,"href":"https:\/\/outletbeyazesya.com.tr\/ru\/wp-json\/wp\/v2\/comments?post=9234"}],"wp:featuredmedia":[{"embeddable":true,"href":"https:\/\/outletbeyazesya.com.tr\/ru\/wp-json\/wp\/v2\/media\/9268"}],"wp:attachment":[{"href":"https:\/\/outletbeyazesya.com.tr\/ru\/wp-json\/wp\/v2\/media?parent=9234"}],"wp:term":[{"taxonomy":"product_brand","embeddable":true,"href":"https:\/\/outletbeyazesya.com.tr\/ru\/wp-json\/wp\/v2\/product_brand?post=9234"},{"taxonomy":"product_cat","embeddable":true,"href":"https:\/\/outletbeyazesya.com.tr\/ru\/wp-json\/wp\/v2\/product_cat?post=9234"},{"taxonomy":"product_tag","embeddable":true,"href":"https:\/\/outletbeyazesya.com.tr\/ru\/wp-json\/wp\/v2\/product_tag?post=9234"}],"curies":[{"name":"wp","href":"https:\/\/api.w.org\/{rel}","templated":true}]}}